{"id":59,"date":"2025-12-04T15:12:14","date_gmt":"2025-12-04T08:12:14","guid":{"rendered":"http:\/\/flatsome.dev\/?page_id=3257"},"modified":"2025-12-04T15:15:31","modified_gmt":"2025-12-04T08:15:31","slug":"mega-shop","status":"publish","type":"page","link":"https:\/\/r8607.one\/","title":{"rendered":"R8607 com &#8211; C\u01b0\u1ee3c Casino Ch\u1ecdn R86 T\u1eb7ng Qu\u00e0 B\u00ed \u1ea8n"},"content":{"rendered":"<div class=\"slider-wrapper relative\" id=\"slider-982945342\" >\n    <div class=\"slider slider-nav-circle slider-nav-large slider-nav-light slider-style-normal\"\n        data-flickity-options='{\n            \"cellAlign\": \"center\",\n            \"imagesLoaded\": true,\n            \"lazyLoad\": 1,\n            \"freeScroll\": false,\n            \"wrapAround\": true,\n            \"autoPlay\": 5000,\n            \"pauseAutoPlayOnHover\" : false,\n            \"prevNextButtons\": true,\n            \"contain\" : true,\n            \"adaptiveHeight\" : true,\n            \"dragThreshold\" : 10,\n            \"percentPosition\": true,\n            \"pageDots\": false,\n            \"rightToLeft\": false,\n            \"draggable\": true,\n            \"selectedAttraction\": 0.1,\n            \"parallax\" : 0,\n            \"friction\": 0.6        }'\n        >\n        \n\t<div class=\"img has-hover x md-x lg-x y md-y lg-y\" id=\"image_1954942654\">\n\t\t\t\t\t\t\t\t<div class=\"img-inner dark\" >\n\t\t\t<img loading=\"lazy\" decoding=\"async\" width=\"1020\" height=\"300\" src=\"https:\/\/r8607.one\/wp-content\/uploads\/2025\/12\/banerr8607-1024x301.webp\" class=\"attachment-large size-large\" alt=\"R8067 com th\u1ebf gi\u1edbi casino online s\u1ed1 1\" srcset=\"https:\/\/r8607.one\/wp-content\/uploads\/2025\/12\/banerr8607-1024x301.webp 1024w, https:\/\/r8607.one\/wp-content\/uploads\/2025\/12\/banerr8607-300x88.webp 300w, https:\/\/r8607.one\/wp-content\/uploads\/2025\/12\/banerr8607-768x226.webp 768w, https:\/\/r8607.one\/wp-content\/uploads\/2025\/12\/banerr8607-1536x451.webp 1536w, https:\/\/r8607.one\/wp-content\/uploads\/2025\/12\/banerr8607-2048x602.webp 2048w\" sizes=\"auto, (max-width: 1020px) 100vw, 1020px\" \/>\t\t\t\t\t\t\n\t\t\t\t\t<\/div>\n\t\t\t\t\t\t\t\t\n<style>\n#image_1954942654 {\n  width: 100%;\n}\n<\/style>\n\t<\/div>\n\t\n     <\/div>\n\n     <div class=\"loading-spin dark large centered\"><\/div>\n\n\t<\/div>\n\n\n\n\t<section class=\"section section1 dark hide-for-small\" id=\"section_904505886\">\n\t\t<div class=\"section-bg fill\" >\n\t\t\t\t\t\t\t\t\t<button class=\"scroll-for-more z-5 icon absolute bottom h-center\" aria-label=\"Cu\u1ed9n \u0111\u1ec3 bi\u1ebft th\u00eam\"><i class=\"icon-angle-down\" style=\"font-size:42px;\" ><\/i><\/button>\n\t\t\t\n\n\t\t<\/div>\n\n\t\t\n\n\t\t<div class=\"section-content relative\">\n\t\t\t\n<div class=\"row row-collapse row-full-width align-center row1\"  id=\"row-60144669\">\n\n\t<div id=\"col-1615403694\" class=\"col small-12 large-12\"  >\n\t\t\t\t<div class=\"col-inner text-center\"  >\n\t\t\t\n\t\t\t\n<div class=\"col-inner text-center\">\n<div id=\"row-321306411\" class=\"row row-collapse\">\n<div class=\"col medium-2 small-4 large-2\">\n<div class=\"col-inner\">\n<div class=\"bullhornMain\"><i class=\"fa fa-bullhorn\" aria-hidden=\"true\"><\/i> Th\u00f4ng b\u00e1o<\/div>\n<\/div>\n<\/div>\n<div class=\"col medium-10 small-8 large-10\">\n<div class=\"col-inner\">\n<p><span class=\"msTxt\">\u200bR8607 com Th\u1ebf gi\u1edbi c\u00e1 c\u01b0\u1ee3c c\u1ee7a nh\u1eefng game casino uy t\u00edn ch\u1ea5t l\u01b0\u1ee3ng h\u00e0ng \u0111\u1ea7u. M\u1ed9t trong nh\u1eefng nh\u00e0 c\u00e1i \u0111\u01b0\u1ee3c y\u00eau th\u00edch nh\u1ea5t n\u0103m v\u00e0 \u01b0u \u0111\u00e3i t\u1eb7ng k\u00e8m d\u00e0nh cho ng\u01b0\u1eddi ch\u01a1i khi kh\u00e1m ph\u00e1 c\u1ef1c l\u1edbn.\u00a0<br \/><\/span><\/p>\n<\/div>\n<\/div>\n\t\t<\/div>\n\t\t\t\t\n<style>\n#col-1615403694 > .col-inner {\n  padding: 57px 0px 2px 0px;\n  margin: -43px 29px -21px -8px;\n}\n<\/style>\n\t<\/div>\n\n\t\n\n<style>\n#row-60144669 > .col > .col-inner {\n  padding: 51px 8px 5px 0px;\n}\n<\/style>\n<\/div>\n\t\t<\/div>\n\n\t\t\n<style>\n#section_904505886 {\n  padding-top: 0px;\n  padding-bottom: 0px;\n  margin-bottom: 0px;\n  min-height: 0px;\n}\n<\/style>\n\t<\/section>\n\t\n\n\t<section class=\"section hide-for-small\" id=\"section_1121885391\">\n\t\t<div class=\"section-bg fill\" >\n\t\t\t\t\t\t\t\t\t\n\t\t\t\n\n\t\t<\/div>\n\n\t\t\n\n\t\t<div class=\"section-content relative\">\n\t\t\t\n<div class=\"container section-title-container\" ><h2 class=\"section-title section-title-center\"><b><\/b><span class=\"section-title-main\" style=\"color:rgb(255, 0, 0);\">trang ch\u1ee7 \u0111\u0103ng nh\u1eadp nh\u00e0 c\u00e1i r86<\/span><b><\/b><\/h2><\/div>\n<div class=\"row\"  id=\"row-694231399\">\n\n\t<div id=\"col-1572955469\" class=\"col medium-4 small-12 large-4\"  >\n\t\t\t\t<div class=\"col-inner\"  >\n\t\t\t\n\t\t\t\n\t<div class=\"box has-hover   has-hover box-shadow-2 box-text-bottom\" >\n\n\t\t<div class=\"box-image\" style=\"width:98%;\">\n\t\t\t\t\t\t<div class=\"image-zoom\" >\n\t\t\t\t<img loading=\"lazy\" decoding=\"async\" width=\"657\" height=\"436\" src=\"https:\/\/r8607.one\/wp-content\/uploads\/2019\/08\/20170120212844-casino.jpg\" class=\"attachment- size-\" alt=\"\" srcset=\"https:\/\/r8607.one\/wp-content\/uploads\/2019\/08\/20170120212844-casino.jpg 657w, https:\/\/r8607.one\/wp-content\/uploads\/2019\/08\/20170120212844-casino-300x199.jpg 300w\" sizes=\"auto, (max-width: 657px) 100vw, 657px\" \/>\t\t\t\t\t\t\t\t\t\t\t<\/div>\n\t\t\t\t\t<\/div>\n\n\t\t<div class=\"box-text text-center\" >\n\t\t\t<div class=\"box-text-inner\">\n\t\t\t\t\n<h3><span style=\"color: #ed1c24;\">\u0110\u0102NG NH\u1eacP + T\u1ea2I APP\u00a0<\/span><\/h3>\n<p><span style=\"color: #282828;\">V\u1edbi t\u1ed1c \u0111\u1ed9 truy c\u1eadp \u0111\u01b0\u1ee3c c\u1ea3i thi\u1ec7n R8607.com \u0111\u00e3 \u0111em \u0111\u1ebfn cho ng\u01b0\u1eddi d\u00f9ng tr\u1ea3i nghi\u1ec7m tho\u1ea3i m\u00e1i v\u00e0 kh\u00f4ng lo l\u1eafng khi b\u1ecb ch\u1eb7n. \u0110\u0103ng k\u00fd t\u1ea3i app c\u00f2n \u0111\u01b0\u1ee3c t\u1eb7ng ngay 68k th\u00ec nhanh tay truy c\u1eadp v\u00e0o link ph\u00eda tr\u00ean t\u1ea3i app ngay th\u00f4i. <\/span><\/p>\n\t\t\t<\/div>\n\t\t<\/div>\n\t<\/div>\n\t\n\t\t<\/div>\n\t\t\t\t\t<\/div>\n\n\t\n\n\t<div id=\"col-1580636939\" class=\"col medium-4 small-12 large-4\"  >\n\t\t\t\t<div class=\"col-inner\"  >\n\t\t\t\n\t\t\t\n\t<div class=\"box has-hover   has-hover box-shadow-2 box-text-bottom\" >\n\n\t\t<div class=\"box-image\" >\n\t\t\t\t\t\t<div class=\"image-zoom\" >\n\t\t\t\t<img loading=\"lazy\" decoding=\"async\" width=\"1268\" height=\"828\" src=\"https:\/\/r8607.one\/wp-content\/uploads\/2019\/08\/casino_gambling.jpg\" class=\"attachment- size-\" alt=\"\" srcset=\"https:\/\/r8607.one\/wp-content\/uploads\/2019\/08\/casino_gambling.jpg 1268w, https:\/\/r8607.one\/wp-content\/uploads\/2019\/08\/casino_gambling-300x196.jpg 300w, https:\/\/r8607.one\/wp-content\/uploads\/2019\/08\/casino_gambling-1024x669.jpg 1024w, https:\/\/r8607.one\/wp-content\/uploads\/2019\/08\/casino_gambling-768x502.jpg 768w\" sizes=\"auto, (max-width: 1268px) 100vw, 1268px\" \/>\t\t\t\t\t\t\t\t\t\t\t<\/div>\n\t\t\t\t\t<\/div>\n\n\t\t<div class=\"box-text text-center\" >\n\t\t\t<div class=\"box-text-inner\">\n\t\t\t\t\n<h3><span style=\"color: #ed1c24;\">\u0110\u0102NG K\u00dd D\u1ec4 D\u00c0NG &amp; B\u1ea2O M\u1eacT<\/span><\/h3>\n<p><span style=\"color: #282828;\">Ch\u1ec9 c\u1ea7n m\u1ea5t 1 ph\u00fat \u0111\u0103ng k\u00fd ho\u00e0n th\u00e0nh \u0111\u0103ng k\u00fd th\u00e0nh vi\u00ean c\u1ee7a r8607.app v\u00e0 b\u1eaft \u0111\u1ea7u kh\u00e1m ph\u00e1 h\u00e0ng tr\u0103m tr\u00f2 ch\u01a1i casino v\u1edbi giao di\u1ec7n \u0111\u1eb9p m\u1eaft, chia b\u00e0i tr\u1ef1c ti\u1ebfp t\u1ea1i s\u1ea3nh ch\u01a1i. <\/span><\/p>\n\t\t\t<\/div>\n\t\t<\/div>\n\t<\/div>\n\t\n\t\t<\/div>\n\t\t\t\t\t<\/div>\n\n\t\n\n\t<div id=\"col-1210011774\" class=\"col medium-4 small-12 large-4\"  >\n\t\t\t\t<div class=\"col-inner\"  >\n\t\t\t\n\t\t\t\n\t<div class=\"box has-hover   has-hover box-shadow-2 box-text-bottom\" >\n\n\t\t<div class=\"box-image\" style=\"width:98%;\">\n\t\t\t\t\t\t<div class=\"image-zoom\" >\n\t\t\t\t<img loading=\"lazy\" decoding=\"async\" width=\"2000\" height=\"1334\" src=\"https:\/\/r8607.one\/wp-content\/uploads\/2019\/08\/170101-casino.jpeg\" class=\"attachment- size-\" alt=\"\" srcset=\"https:\/\/r8607.one\/wp-content\/uploads\/2019\/08\/170101-casino.jpeg 2000w, https:\/\/r8607.one\/wp-content\/uploads\/2019\/08\/170101-casino-300x200.jpeg 300w, https:\/\/r8607.one\/wp-content\/uploads\/2019\/08\/170101-casino-1024x683.jpeg 1024w, https:\/\/r8607.one\/wp-content\/uploads\/2019\/08\/170101-casino-768x512.jpeg 768w, https:\/\/r8607.one\/wp-content\/uploads\/2019\/08\/170101-casino-1536x1025.jpeg 1536w\" sizes=\"auto, (max-width: 2000px) 100vw, 2000px\" \/>\t\t\t\t\t\t\t\t\t\t\t<\/div>\n\t\t\t\t\t<\/div>\n\n\t\t<div class=\"box-text text-center\" >\n\t\t\t<div class=\"box-text-inner\">\n\t\t\t\t\n<h3><span style=\"color: #ed1c24;\">DISCLAIMER (TUY\u00caN B\u1ed0 MI\u1ec4N TR\u1eea) <\/span><\/h3>\n<p><span style=\"color: #282828;\">R8607.one N\u1eb1m trong h\u1ec7 \u0111i\u1ec1u h\u00e0nh r8607.game ho\u1ea1t \u0111\u1ed9ng gi\u1ed1ng nh\u01b0 trang blog c\u00e1 nh\u00e2n chia s\u1ebb th\u00f4ng tin h\u1eefu \u00edch v\u1ec1 c\u00e1 c\u01b0\u1ee3c d\u00e0nh cho h\u1ed9i vi\u00ean t\u1eeb 18 tu\u1ed5i tr\u1edf l\u00ean n\u1eb1m ngo\u00e0i l\u00e3nh th\u1ed5 Vi\u1ec7t Nam. Ng\u01b0\u1eddi ch\u01a1i c\u1ea7n c\u00e2n nh\u1eafc th\u1eadt k\u1ef9 tr\u01b0\u1edbc khi tham gia c\u00e1 c\u01b0\u1ee3c v\u00ec ch\u00fang t\u00f4i kh\u00f4ng ch\u1ecbu tr\u00e1ch nhi\u1ec7m cho v\u1ea5n \u0111\u1ec1 t\u00e0i ch\u00ednh.\u00a0<\/span><\/p>\n\t\t\t<\/div>\n\t\t<\/div>\n\t<\/div>\n\t\n\t\t<\/div>\n\t\t\t\t\t<\/div>\n\n\t\n<\/div>\n<div class=\"row\"  id=\"row-730435184\">\n\n\t<div id=\"col-1926535233\" class=\"col medium-6 small-12 large-6\"  >\n\t\t\t\t<div class=\"col-inner\"  >\n\t\t\t\n\t\t\t\n<a href=\"https:\/\/987qc.pro\/vna3\" class=\"button primary is-bevel is-large box-shadow-2 box-shadow-3-hover lowercase expand btn-signup\"  >\n\t\t<span>\u0110\u0103ng k\u00fd ngay<\/span>\n\t<\/a>\n\n\t\t<\/div>\n\t\t\t\t\t<\/div>\n\n\t\n\n\t<div id=\"col-2117261231\" class=\"col medium-6 small-12 large-6\"  >\n\t\t\t\t<div class=\"col-inner\"  >\n\t\t\t\n\t\t\t\n<a href=\"https:\/\/987qc.pro\/vna3\" class=\"button success is-bevel is-large box-shadow-2 box-shadow-3-hover lowercase expand btn-help\"  >\n\t\t<span>\u0110\u0103ng nh\u1eadp<\/span>\n\t<\/a>\n\n\t\t<\/div>\n\t\t\t\t\t<\/div>\n\n\t\n\n<style>\n#row-730435184 > .col > .col-inner {\n  padding: 8px 0px 0px 0px;\n}\n<\/style>\n<\/div>\n\t\t<\/div>\n\n\t\t\n<style>\n#section_1121885391 {\n  padding-top: 30px;\n  padding-bottom: 30px;\n}\n<\/style>\n\t<\/section>\n\t\n\n\t<section class=\"section show-for-small\" id=\"section_294769084\">\n\t\t<div class=\"section-bg fill\" >\n\t\t\t\t\t\t\t\t\t\n\t\t\t\n\n\t\t<\/div>\n\n\t\t\n\n\t\t<div class=\"section-content relative\">\n\t\t\t\n<div class=\"row row-small\"  id=\"row-1742782230\">\n\n\t<div id=\"col-187910133\" class=\"col medium-6 small-6 large-6\"  >\n\t\t\t\t<div class=\"col-inner\"  >\n\t\t\t\n\t\t\t\n\n  <div class=\"banner has-hover\" id=\"banner-1371427716\">\n          <div class=\"banner-inner fill\">\n        <div class=\"banner-bg fill\" >\n            <img loading=\"lazy\" decoding=\"async\" width=\"285\" height=\"354\" src=\"https:\/\/r8607.one\/wp-content\/uploads\/2019\/08\/sport-vat.png\" class=\"bg attachment-large size-large\" alt=\"\" \/>                                    \n                    <\/div>\n\t\t\n        <div class=\"banner-layers container\">\n            <div class=\"fill banner-link\"><\/div>            \n   <div id=\"text-box-1415335513\" class=\"text-box banner-layer x50 md-x50 lg-x50 y100 md-y50 lg-y50 res-text\">\n                                <div class=\"text-box-content text dark\">\n              \n              <div class=\"text-inner text-center\">\n                  \n<h4 class=\"uppercase\"><span style=\"font-size: 100%;\">Th\u1ec2 THAO<\/span><\/h4>\n              <\/div>\n           <\/div>\n                            \n<style>\n#text-box-1415335513 {\n  width: 60%;\n}\n#text-box-1415335513 .text-box-content {\n  font-size: 100%;\n}\n<\/style>\n    <\/div>\n \n        <\/div>\n      <\/div>\n\n            \n<style>\n#banner-1371427716 {\n  padding-top: 216px;\n  background-color: rgba(255, 255, 255, 0.45);\n}\n#banner-1371427716 .banner-bg img {\n  object-position: 53% 55%;\n}\n@media (min-width:550px) {\n  #banner-1371427716 {\n    padding-top: 500px;\n  }\n}\n<\/style>\n  <\/div>\n\n\n\t\t<\/div>\n\t\t\t\t\t<\/div>\n\n\t\n\n\t<div id=\"col-1628766784\" class=\"col medium-6 small-6 large-6\"  >\n\t\t\t\t<div class=\"col-inner\"  >\n\t\t\t\n\t\t\t\n\n  <div class=\"banner has-hover\" id=\"banner-217167959\">\n          <div class=\"banner-inner fill\">\n        <div class=\"banner-bg fill\" >\n            <img loading=\"lazy\" decoding=\"async\" width=\"852\" height=\"480\" src=\"https:\/\/r8607.one\/wp-content\/uploads\/2019\/08\/11.jpg\" class=\"bg attachment-large size-large\" alt=\"\" \/>                                    \n                    <\/div>\n\t\t\n        <div class=\"banner-layers container\">\n            <div class=\"fill banner-link\"><\/div>            \n   <div id=\"text-box-1731783813\" class=\"text-box banner-layer x100 md-x50 lg-x50 y50 md-y50 lg-y50 res-text\">\n                                <div class=\"text-box-content text dark\">\n              \n              <div class=\"text-inner text-center\">\n                  \n<h4 class=\"uppercase\">CASINO<\/h4>\n              <\/div>\n           <\/div>\n                            \n<style>\n#text-box-1731783813 {\n  width: 60%;\n}\n#text-box-1731783813 .text-box-content {\n  font-size: 100%;\n}\n<\/style>\n    <\/div>\n \n\t<div class=\"img has-hover x0 md-x50 lg-x50 y50 md-y50 lg-y50\" id=\"image_794538473\">\n\t\t\t\t\t\t\t\t<div class=\"img-inner dark\" >\n\t\t\t<img loading=\"lazy\" decoding=\"async\" width=\"100\" height=\"109\" src=\"https:\/\/r8607.one\/wp-content\/uploads\/2019\/08\/img_girl_mc.png\" class=\"attachment-large size-large\" alt=\"\" \/>\t\t\t\t\t\t\n\t\t\t\t\t<\/div>\n\t\t\t\t\t\t\t\t\n<style>\n#image_794538473 {\n  width: 33%;\n}\n@media (min-width:550px) {\n  #image_794538473 {\n    width: 100%;\n  }\n}\n<\/style>\n\t<\/div>\n\t\n        <\/div>\n      <\/div>\n\n            \n<style>\n#banner-217167959 {\n  padding-top: 65px;\n}\n@media (min-width:550px) {\n  #banner-217167959 {\n    padding-top: 500px;\n  }\n}\n<\/style>\n  <\/div>\n\n\n\t<div id=\"gap-1034963305\" class=\"gap-element clearfix\" style=\"display:block; height:auto;\">\n\t\t\n<style>\n#gap-1034963305 {\n  padding-top: 10px;\n}\n<\/style>\n\t<\/div>\n\t\n\n  <div class=\"banner has-hover\" id=\"banner-1368956769\">\n          <div class=\"banner-inner fill\">\n        <div class=\"banner-bg fill\" >\n                                                \n                    <\/div>\n\t\t\n        <div class=\"banner-layers container\">\n            <div class=\"fill banner-link\"><\/div>            \n   <div id=\"text-box-405216341\" class=\"text-box banner-layer x100 md-x50 lg-x50 y50 md-y50 lg-y50 res-text\">\n                                <div class=\"text-box-content text dark\">\n              \n              <div class=\"text-inner text-center\">\n                  \n<h4 class=\"uppercase\">X\u00d3C \u0110\u0128A<\/h4>\n              <\/div>\n           <\/div>\n                            \n<style>\n#text-box-405216341 {\n  width: 60%;\n}\n#text-box-405216341 .text-box-content {\n  font-size: 100%;\n}\n<\/style>\n    <\/div>\n \n\t<div class=\"img has-hover x0 md-x50 lg-x50 y50 md-y50 lg-y50\" id=\"image_924135538\">\n\t\t\t\t\t\t\t\t<div class=\"img-inner dark\" >\n\t\t\t<img loading=\"lazy\" decoding=\"async\" width=\"100\" height=\"109\" src=\"https:\/\/r8607.one\/wp-content\/uploads\/2019\/08\/icon_home_anchor.png\" class=\"attachment-large size-large\" alt=\"\" \/>\t\t\t\t\t\t\n\t\t\t\t\t<\/div>\n\t\t\t\t\t\t\t\t\n<style>\n#image_924135538 {\n  width: 37%;\n}\n@media (min-width:550px) {\n  #image_924135538 {\n    width: 100%;\n  }\n}\n<\/style>\n\t<\/div>\n\t\n        <\/div>\n      <\/div>\n\n            \n<style>\n#banner-1368956769 {\n  padding-top: 65px;\n}\n@media (min-width:550px) {\n  #banner-1368956769 {\n    padding-top: 500px;\n  }\n}\n<\/style>\n  <\/div>\n\n\n\t<div id=\"gap-745426769\" class=\"gap-element clearfix\" style=\"display:block; height:auto;\">\n\t\t\n<style>\n#gap-745426769 {\n  padding-top: 10px;\n}\n<\/style>\n\t<\/div>\n\t\n\n  <div class=\"banner has-hover\" id=\"banner-11150454\">\n          <div class=\"banner-inner fill\">\n        <div class=\"banner-bg fill\" >\n            <img loading=\"lazy\" decoding=\"async\" width=\"1020\" height=\"574\" src=\"https:\/\/r8607.one\/wp-content\/uploads\/2019\/08\/13081-01-gradient-designs-powerpoint-backgrounds-16x9-1-1024x576.jpg\" class=\"bg attachment-large size-large\" alt=\"\" \/>                                    \n                    <\/div>\n\t\t\n        <div class=\"banner-layers container\">\n            <div class=\"fill banner-link\"><\/div>            \n   <div id=\"text-box-338508406\" class=\"text-box banner-layer x100 md-x50 lg-x50 y50 md-y50 lg-y50 res-text\">\n                                <div class=\"text-box-content text dark\">\n              \n              <div class=\"text-inner text-center\">\n                  \n<h4 class=\"uppercase\">GAME<\/h4>\n              <\/div>\n           <\/div>\n                            \n<style>\n#text-box-338508406 {\n  width: 60%;\n}\n#text-box-338508406 .text-box-content {\n  font-size: 100%;\n}\n<\/style>\n    <\/div>\n \n\t<div class=\"img has-hover x0 md-x50 lg-x50 y95 md-y50 lg-y50\" id=\"image_957397655\">\n\t\t\t\t\t\t\t\t<div class=\"img-inner dark\" >\n\t\t\t<img loading=\"lazy\" decoding=\"async\" width=\"100\" height=\"109\" src=\"https:\/\/r8607.one\/wp-content\/uploads\/2019\/08\/icon_home_people.png\" class=\"attachment-large size-large\" alt=\"\" \/>\t\t\t\t\t\t\n\t\t\t\t\t<\/div>\n\t\t\t\t\t\t\t\t\n<style>\n#image_957397655 {\n  width: 36%;\n}\n@media (min-width:550px) {\n  #image_957397655 {\n    width: 100%;\n  }\n}\n<\/style>\n\t<\/div>\n\t\n        <\/div>\n      <\/div>\n\n            \n<style>\n#banner-11150454 {\n  padding-top: 65px;\n}\n@media (min-width:550px) {\n  #banner-11150454 {\n    padding-top: 500px;\n  }\n}\n<\/style>\n  <\/div>\n\n\n\t\t<\/div>\n\t\t\t\t\t<\/div>\n\n\t\n<\/div>\n<div class=\"row row-small\"  id=\"row-1623743329\">\n\n\t<div id=\"col-825170018\" class=\"col medium-6 small-6 large-6\"  >\n\t\t\t\t<div class=\"col-inner\"  >\n\t\t\t\n\t\t\t\n\n  <div class=\"banner has-hover bg-glow\" id=\"banner-1252244149\">\n          <div class=\"banner-inner fill\">\n        <div class=\"banner-bg fill\" >\n            <img loading=\"lazy\" decoding=\"async\" width=\"852\" height=\"480\" src=\"https:\/\/r8607.one\/wp-content\/uploads\/2019\/08\/new11.jpg\" class=\"bg attachment-large size-large\" alt=\"\" \/>                                    \n                    <\/div>\n\t\t\n        <div class=\"banner-layers container\">\n            <div class=\"fill banner-link\"><\/div>            \n   <div id=\"text-box-1164865232\" class=\"text-box banner-layer x95 md-x50 lg-x50 y95 md-y50 lg-y50 res-text\">\n                                <div class=\"text-box-content text dark\">\n              \n              <div class=\"text-inner text-center\">\n                  \n<h4 class=\"uppercase\">H\u01b0\u1edbng D\u1eaaN<\/h4>\n              <\/div>\n           <\/div>\n                            \n<style>\n#text-box-1164865232 {\n  width: 60%;\n}\n#text-box-1164865232 .text-box-content {\n  font-size: 100%;\n}\n<\/style>\n    <\/div>\n \n\t<div class=\"img has-hover x0 md-x50 lg-x50 y95 md-y50 lg-y50\" id=\"image_2037211628\">\n\t\t\t\t\t\t\t\t<div class=\"img-inner dark\" >\n\t\t\t<img loading=\"lazy\" decoding=\"async\" width=\"199\" height=\"200\" src=\"https:\/\/r8607.one\/wp-content\/uploads\/2019\/08\/ic-down-app.png\" class=\"attachment-large size-large\" alt=\"\" srcset=\"https:\/\/r8607.one\/wp-content\/uploads\/2019\/08\/ic-down-app.png 199w, https:\/\/r8607.one\/wp-content\/uploads\/2019\/08\/ic-down-app-150x150.png 150w\" sizes=\"auto, (max-width: 199px) 100vw, 199px\" \/>\t\t\t\t\t\t\n\t\t\t\t\t<\/div>\n\t\t\t\t\t\t\t\t\n<style>\n#image_2037211628 {\n  width: 35%;\n}\n@media (min-width:550px) {\n  #image_2037211628 {\n    width: 100%;\n  }\n}\n<\/style>\n\t<\/div>\n\t\n        <\/div>\n      <\/div>\n\n            \n<style>\n#banner-1252244149 {\n  padding-top: 65px;\n}\n@media (min-width:550px) {\n  #banner-1252244149 {\n    padding-top: 500px;\n  }\n}\n<\/style>\n  <\/div>\n\n\n\t\t<\/div>\n\t\t\t\t\t<\/div>\n\n\t\n\n\t<div id=\"col-213790189\" class=\"col medium-6 small-6 large-6\"  >\n\t\t\t\t<div class=\"col-inner\"  >\n\t\t\t\n\t\t\t\n\n  <div class=\"banner has-hover\" id=\"banner-529553227\">\n          <div class=\"banner-inner fill\">\n        <div class=\"banner-bg fill\" >\n            <img loading=\"lazy\" decoding=\"async\" width=\"852\" height=\"480\" src=\"https:\/\/r8607.one\/wp-content\/uploads\/2019\/08\/1-1.jpg\" class=\"bg attachment-large size-large\" alt=\"\" \/>                                    \n                    <\/div>\n\t\t\n        <div class=\"banner-layers container\">\n            <div class=\"fill banner-link\"><\/div>            \n   <div id=\"text-box-228231553\" class=\"text-box banner-layer x100 md-x50 lg-x50 y50 md-y50 lg-y50 res-text\">\n                                <div class=\"text-box-content text dark\">\n              \n              <div class=\"text-inner text-center\">\n                  \n<h4 class=\"uppercase\">X\u1ed4 S\u1ed0<\/h4>\n              <\/div>\n           <\/div>\n                            \n<style>\n#text-box-228231553 {\n  width: 60%;\n}\n#text-box-228231553 .text-box-content {\n  font-size: 100%;\n}\n<\/style>\n    <\/div>\n \n\t<div class=\"img has-hover x0 md-x50 lg-x50 y50 md-y50 lg-y50\" id=\"image_1176631037\">\n\t\t\t\t\t\t\t\t<div class=\"img-inner dark\" >\n\t\t\t<img loading=\"lazy\" decoding=\"async\" width=\"100\" height=\"109\" src=\"https:\/\/r8607.one\/wp-content\/uploads\/2019\/08\/ic_mobi_ball.png\" class=\"attachment-large size-large\" alt=\"\" \/>\t\t\t\t\t\t\n\t\t\t\t\t<\/div>\n\t\t\t\t\t\t\t\t\n<style>\n#image_1176631037 {\n  width: 38%;\n}\n@media (min-width:550px) {\n  #image_1176631037 {\n    width: 100%;\n  }\n}\n<\/style>\n\t<\/div>\n\t\n        <\/div>\n      <\/div>\n\n            \n<style>\n#banner-529553227 {\n  padding-top: 65px;\n}\n@media (min-width:550px) {\n  #banner-529553227 {\n    padding-top: 500px;\n  }\n}\n<\/style>\n  <\/div>\n\n\n\t\t<\/div>\n\t\t\t\t\t<\/div>\n\n\t\n<\/div>\n\t\t<\/div>\n\n\t\t\n<style>\n#section_294769084 {\n  padding-top: 30px;\n  padding-bottom: 30px;\n}\n<\/style>\n\t<\/section>\n\t\n<\/p><\/div>\n<\/div>\n","protected":false},"excerpt":{"rendered":"","protected":false},"author":1,"featured_media":0,"parent":0,"menu_order":9,"comment_status":"closed","ping_status":"closed","template":"page-blank.php","meta":{"footnotes":""},"class_list":["post-59","page","type-page","status-publish","hentry"],"_links":{"self":[{"href":"https:\/\/r8607.one\/index.php?rest_route=\/wp\/v2\/pages\/59","targetHints":{"allow":["GET"]}}],"collection":[{"href":"https:\/\/r8607.one\/index.php?rest_route=\/wp\/v2\/pages"}],"about":[{"href":"https:\/\/r8607.one\/index.php?rest_route=\/wp\/v2\/types\/page"}],"author":[{"embeddable":true,"href":"https:\/\/r8607.one\/index.php?rest_route=\/wp\/v2\/users\/1"}],"replies":[{"embeddable":true,"href":"https:\/\/r8607.one\/index.php?rest_route=%2Fwp%2Fv2%2Fcomments&post=59"}],"version-history":[{"count":5,"href":"https:\/\/r8607.one\/index.php?rest_route=\/wp\/v2\/pages\/59\/revisions"}],"predecessor-version":[{"id":1885,"href":"https:\/\/r8607.one\/index.php?rest_route=\/wp\/v2\/pages\/59\/revisions\/1885"}],"wp:attachment":[{"href":"https:\/\/r8607.one\/index.php?rest_route=%2Fwp%2Fv2%2Fmedia&parent=59"}],"curies":[{"name":"wp","href":"https:\/\/api.w.org\/{rel}","templated":true}]}}